{"id":26483,"date":"2016-08-30T23:22:37","date_gmt":"2016-08-30T21:22:37","guid":{"rendered":"https:\/\/www.amcgranada.com\/mi-reserva\/"},"modified":"2023-03-13T15:48:26","modified_gmt":"2023-03-13T14:48:26","slug":"ma-reservation","status":"publish","type":"page","link":"https:\/\/www.amcgranada.com\/fr\/ma-reservation\/","title":{"rendered":"Ma R\u00e9servation"},"content":{"rendered":"[vc_row type=&#8221;in_container&#8221; full_screen_row_position=&#8221;middle&#8221; column_margin=&#8221;default&#8221; column_direction=&#8221;default&#8221; column_direction_tablet=&#8221;default&#8221; column_direction_phone=&#8221;default&#8221; scene_position=&#8221;center&#8221; text_color=&#8221;dark&#8221; text_align=&#8221;left&#8221; row_border_radius=&#8221;none&#8221; row_border_radius_applies=&#8221;bg&#8221; overlay_strength=&#8221;0.3&#8243; gradient_direction=&#8221;left_to_right&#8221; shape_divider_position=&#8221;bottom&#8221; bg_image_animation=&#8221;none&#8221;][vc_column column_padding=&#8221;no-extra-padding&#8221; column_padding_tablet=&#8221;inherit&#8221; column_padding_phone=&#8221;inherit&#8221; column_padding_position=&#8221;all&#8221; background_color_opacity=&#8221;1&#8243; background_hover_color_opacity=&#8221;1&#8243; column_shadow=&#8221;none&#8221; column_border_radius=&#8221;none&#8221; column_link_target=&#8221;_self&#8221; gradient_direction=&#8221;left_to_right&#8221; overlay_strength=&#8221;0.3&#8243; width=&#8221;1\/1&#8243; tablet_width_inherit=&#8221;default&#8221; tablet_text_alignment=&#8221;default&#8221; phone_text_alignment=&#8221;default&#8221; column_border_width=&#8221;none&#8221; column_border_style=&#8221;solid&#8221; bg_image_animation=&#8221;none&#8221;][\/vc_column][\/vc_row]\n","protected":false},"excerpt":{"rendered":"<p>[vc_row type=&#8221;in_container&#8221; full_screen_row_position=&#8221;middle&#8221; column_margin=&#8221;default&#8221; column_direction=&#8221;default&#8221; column_direction_tablet=&#8221;default&#8221; column_direction_phone=&#8221;default&#8221; scene_position=&#8221;center&#8221; text_color=&#8221;dark&#8221; text_align=&#8221;left&#8221; row_border_radius=&#8221;none&#8221; row_border_radius_applies=&#8221;bg&#8221; overlay_strength=&#8221;0.3&#8243; gradient_direction=&#8221;left_to_right&#8221; shape_divider_position=&#8221;bottom&#8221; bg_image_animation=&#8221;none&#8221;][vc_column column_padding=&#8221;no-extra-padding&#8221; column_padding_tablet=&#8221;inherit&#8221; column_padding_phone=&#8221;inherit&#8221; column_padding_position=&#8221;all&#8221; background_color_opacity=&#8221;1&#8243; background_hover_color_opacity=&#8221;1&#8243; column_shadow=&#8221;none&#8221; column_border_radius=&#8221;none&#8221; column_link_target=&#8221;_self&#8221; gradient_direction=&#8221;left_to_right&#8221; overlay_strength=&#8221;0.3&#8243; width=&#8221;1\/1&#8243; tablet_width_inherit=&#8221;default&#8221; tablet_text_alignment=&#8221;default&#8221;&#8230;<\/p>\n","protected":false},"author":3,"featured_media":0,"parent":0,"menu_order":0,"comment_status":"closed","ping_status":"closed","template":"template-ver-resevas.php","meta":{"footnotes":""},"class_list":["post-26483","page","type-page","status-publish"],"yoast_head":"<!-- This site is optimized with the Yoast SEO plugin v27.3 - https:\/\/yoast.com\/product\/yoast-seo-wordpress\/ -->\n<title>Ma R\u00e9servation AMC Granada\u00ae Granada, Espagne<\/title>\n<meta name=\"description\" content=\"Ici vous pouvez acc\u00e9der \u00e0 vos r\u00e9servations \u00e0 AMC Granada\u00ae Granada, Espagne, voir tous les d\u00e9tails et, si n\u00e9cessaire, les imprimer et\/ou les annuler.\" \/>\n<meta name=\"robots\" content=\"index, follow, max-snippet:-1, max-image-preview:large, max-video-preview:-1\" \/>\n<link rel=\"canonical\" href=\"https:\/\/www.amcgranada.com\/fr\/ma-reservation\/\" \/>\n<meta property=\"og:locale\" content=\"fr_FR\" \/>\n<meta property=\"og:type\" content=\"article\" \/>\n<meta property=\"og:title\" content=\"Ma R\u00e9servation AMC Granada\u00ae Granada, Espagne\" \/>\n<meta property=\"og:description\" content=\"Ici vous pouvez acc\u00e9der \u00e0 vos r\u00e9servations \u00e0 AMC Granada\u00ae Granada, Espagne, voir tous les d\u00e9tails et, si n\u00e9cessaire, les imprimer et\/ou les annuler.\" \/>\n<meta property=\"og:url\" content=\"https:\/\/www.amcgranada.com\/fr\/ma-reservation\/\" \/>\n<meta property=\"og:site_name\" content=\"AMC GRANADA\" \/>\n<meta property=\"article:modified_time\" content=\"2023-03-13T14:48:26+00:00\" \/>\n<meta name=\"twitter:card\" content=\"summary_large_image\" \/>\n<meta name=\"twitter:label1\" content=\"Est. reading time\" \/>\n\t<meta name=\"twitter:data1\" content=\"1 minute\" \/>\n<script type=\"application\/ld+json\" class=\"yoast-schema-graph\">{\"@context\":\"https:\\\/\\\/schema.org\",\"@graph\":[{\"@type\":\"WebPage\",\"@id\":\"https:\\\/\\\/www.amcgranada.com\\\/fr\\\/ma-reservation\\\/\",\"url\":\"https:\\\/\\\/www.amcgranada.com\\\/fr\\\/ma-reservation\\\/\",\"name\":\"Ma R\u00e9servation AMC Granada\u00ae Granada, Espagne\",\"isPartOf\":{\"@id\":\"https:\\\/\\\/www.amcgranada.com\\\/#website\"},\"datePublished\":\"2016-08-30T21:22:37+00:00\",\"dateModified\":\"2023-03-13T14:48:26+00:00\",\"description\":\"Ici vous pouvez acc\u00e9der \u00e0 vos r\u00e9servations \u00e0 AMC Granada\u00ae Granada, Espagne, voir tous les d\u00e9tails et, si n\u00e9cessaire, les imprimer et\\\/ou les annuler.\",\"breadcrumb\":{\"@id\":\"https:\\\/\\\/www.amcgranada.com\\\/fr\\\/ma-reservation\\\/#breadcrumb\"},\"inLanguage\":\"fr-FR\",\"potentialAction\":[{\"@type\":\"ReadAction\",\"target\":[\"https:\\\/\\\/www.amcgranada.com\\\/fr\\\/ma-reservation\\\/\"]}]},{\"@type\":\"BreadcrumbList\",\"@id\":\"https:\\\/\\\/www.amcgranada.com\\\/fr\\\/ma-reservation\\\/#breadcrumb\",\"itemListElement\":[{\"@type\":\"ListItem\",\"position\":1,\"name\":\"Home\",\"item\":\"https:\\\/\\\/www.amcgranada.com\\\/fr\\\/\"},{\"@type\":\"ListItem\",\"position\":2,\"name\":\"Ma R\u00e9servation\"}]},{\"@type\":\"WebSite\",\"@id\":\"https:\\\/\\\/www.amcgranada.com\\\/#website\",\"url\":\"https:\\\/\\\/www.amcgranada.com\\\/\",\"name\":\"AMC GRANADA\",\"description\":\"AMC GRANADA\",\"potentialAction\":[{\"@type\":\"SearchAction\",\"target\":{\"@type\":\"EntryPoint\",\"urlTemplate\":\"https:\\\/\\\/www.amcgranada.com\\\/?s={search_term_string}\"},\"query-input\":{\"@type\":\"PropertyValueSpecification\",\"valueRequired\":true,\"valueName\":\"search_term_string\"}}],\"inLanguage\":\"fr-FR\"}]}<\/script>\n<!-- \/ Yoast SEO plugin. -->","yoast_head_json":{"title":"Ma R\u00e9servation AMC Granada\u00ae Granada, Espagne","description":"Ici vous pouvez acc\u00e9der \u00e0 vos r\u00e9servations \u00e0 AMC Granada\u00ae Granada, Espagne, voir tous les d\u00e9tails et, si n\u00e9cessaire, les imprimer et\/ou les annuler.","robots":{"index":"index","follow":"follow","max-snippet":"max-snippet:-1","max-image-preview":"max-image-preview:large","max-video-preview":"max-video-preview:-1"},"canonical":"https:\/\/www.amcgranada.com\/fr\/ma-reservation\/","og_locale":"fr_FR","og_type":"article","og_title":"Ma R\u00e9servation AMC Granada\u00ae Granada, Espagne","og_description":"Ici vous pouvez acc\u00e9der \u00e0 vos r\u00e9servations \u00e0 AMC Granada\u00ae Granada, Espagne, voir tous les d\u00e9tails et, si n\u00e9cessaire, les imprimer et\/ou les annuler.","og_url":"https:\/\/www.amcgranada.com\/fr\/ma-reservation\/","og_site_name":"AMC GRANADA","article_modified_time":"2023-03-13T14:48:26+00:00","twitter_card":"summary_large_image","twitter_misc":{"Est. reading time":"1 minute"},"schema":{"@context":"https:\/\/schema.org","@graph":[{"@type":"WebPage","@id":"https:\/\/www.amcgranada.com\/fr\/ma-reservation\/","url":"https:\/\/www.amcgranada.com\/fr\/ma-reservation\/","name":"Ma R\u00e9servation AMC Granada\u00ae Granada, Espagne","isPartOf":{"@id":"https:\/\/www.amcgranada.com\/#website"},"datePublished":"2016-08-30T21:22:37+00:00","dateModified":"2023-03-13T14:48:26+00:00","description":"Ici vous pouvez acc\u00e9der \u00e0 vos r\u00e9servations \u00e0 AMC Granada\u00ae Granada, Espagne, voir tous les d\u00e9tails et, si n\u00e9cessaire, les imprimer et\/ou les annuler.","breadcrumb":{"@id":"https:\/\/www.amcgranada.com\/fr\/ma-reservation\/#breadcrumb"},"inLanguage":"fr-FR","potentialAction":[{"@type":"ReadAction","target":["https:\/\/www.amcgranada.com\/fr\/ma-reservation\/"]}]},{"@type":"BreadcrumbList","@id":"https:\/\/www.amcgranada.com\/fr\/ma-reservation\/#breadcrumb","itemListElement":[{"@type":"ListItem","position":1,"name":"Home","item":"https:\/\/www.amcgranada.com\/fr\/"},{"@type":"ListItem","position":2,"name":"Ma R\u00e9servation"}]},{"@type":"WebSite","@id":"https:\/\/www.amcgranada.com\/#website","url":"https:\/\/www.amcgranada.com\/","name":"AMC GRANADA","description":"AMC GRANADA","potentialAction":[{"@type":"SearchAction","target":{"@type":"EntryPoint","urlTemplate":"https:\/\/www.amcgranada.com\/?s={search_term_string}"},"query-input":{"@type":"PropertyValueSpecification","valueRequired":true,"valueName":"search_term_string"}}],"inLanguage":"fr-FR"}]}},"_links":{"self":[{"href":"https:\/\/www.amcgranada.com\/fr\/wp-json\/wp\/v2\/pages\/26483","targetHints":{"allow":["GET"]}}],"collection":[{"href":"https:\/\/www.amcgranada.com\/fr\/wp-json\/wp\/v2\/pages"}],"about":[{"href":"https:\/\/www.amcgranada.com\/fr\/wp-json\/wp\/v2\/types\/page"}],"author":[{"embeddable":true,"href":"https:\/\/www.amcgranada.com\/fr\/wp-json\/wp\/v2\/users\/3"}],"replies":[{"embeddable":true,"href":"https:\/\/www.amcgranada.com\/fr\/wp-json\/wp\/v2\/comments?post=26483"}],"version-history":[{"count":3,"href":"https:\/\/www.amcgranada.com\/fr\/wp-json\/wp\/v2\/pages\/26483\/revisions"}],"predecessor-version":[{"id":26489,"href":"https:\/\/www.amcgranada.com\/fr\/wp-json\/wp\/v2\/pages\/26483\/revisions\/26489"}],"wp:attachment":[{"href":"https:\/\/www.amcgranada.com\/fr\/wp-json\/wp\/v2\/media?parent=26483"}],"curies":[{"name":"wp","href":"https:\/\/api.w.org\/{rel}","templated":true}]}}