{"id":26462,"date":"2021-10-15T10:47:41","date_gmt":"2021-10-15T08:47:41","guid":{"rendered":"https:\/\/www.amcgranada.com\/localizacion\/"},"modified":"2023-03-13T15:31:45","modified_gmt":"2023-03-13T14:31:45","slug":"emplacement","status":"publish","type":"page","link":"https:\/\/www.amcgranada.com\/fr\/emplacement\/","title":{"rendered":"Emplacement"},"content":{"rendered":"[vc_row type=&#8221;in_container&#8221; full_screen_row_position=&#8221;middle&#8221; column_margin=&#8221;default&#8221; column_direction=&#8221;default&#8221; column_direction_tablet=&#8221;default&#8221; column_direction_phone=&#8221;default&#8221; bg_color=&#8221;#d6d6d6&#8243; scene_position=&#8221;center&#8221; text_color=&#8221;light&#8221; text_align=&#8221;center&#8221; row_border_radius=&#8221;none&#8221; row_border_radius_applies=&#8221;bg&#8221; color_overlay=&#8221;rgba(10,10,10,0.7)&#8221; overlay_strength=&#8221;0.95&#8243; gradient_direction=&#8221;left_to_right&#8221; shape_divider_position=&#8221;bottom&#8221; bg_image_animation=&#8221;none&#8221; shape_type=&#8221;&#8221;][vc_column column_padding=&#8221;no-extra-padding&#8221; column_padding_tablet=&#8221;inherit&#8221; column_padding_phone=&#8221;inherit&#8221; column_padding_position=&#8221;all&#8221; centered_text=&#8221;true&#8221; background_color_opacity=&#8221;1&#8243; background_hover_color_opacity=&#8221;1&#8243; column_shadow=&#8221;none&#8221; column_border_radius=&#8221;none&#8221; column_link_target=&#8221;_self&#8221; gradient_direction=&#8221;left_to_right&#8221; overlay_strength=&#8221;0.3&#8243; width=&#8221;1\/1&#8243; tablet_width_inherit=&#8221;default&#8221; tablet_text_alignment=&#8221;default&#8221; phone_text_alignment=&#8221;default&#8221; column_border_width=&#8221;none&#8221; column_border_style=&#8221;solid&#8221; bg_image_animation=&#8221;none&#8221;]<div data-midnight=\"nectar-slider\" class=\"parallax_slider_outer \"><div  data-transition=\"slide\" data-overall_style=\"classic\" data-flexible-height=\"\" data-animate-in-effect=\"none\" data-fullscreen=\"true\" data-button-sizing=\"regular\" data-button-styling=\"btn_with_count\" data-autorotate=\"\" data-parallax=\"true\" data-parallax-disable-mobile=\"true\" data-caption-trans=\"fade_in_from_bottom\" data-parallax-style=\"bg_only\" data-bg-animation=\"none\" data-full-width=\"true\" class=\"nectar-slider-wrap \" id=\"nectar-slider-instance-1\"><div class=\"swiper-container\"  data-tho=\"auto\" data-tco=\"auto\" data-pho=\"auto\" data-pco=\"auto\" data-loop=\"false\" data-height=\"650\" data-min-height=\"\" data-arrows=\"false\" data-bullets=\"false\" data-bullet_style=\"see_through\" data-bullet_position=\"bottom\" data-desktop-swipe=\"false\" data-settings=\"\"> <div class=\"swiper-wrapper\"><div class=\"swiper-slide\" data-desktop-content-width=\"auto\" data-tablet-content-width=\"auto\" data-bg-alignment=\"center\" data-color-scheme=\"light\" data-x-pos=\"centered\" data-y-pos=\"middle\" ><div class=\"slide-bg-wrap\"><div class=\"image-bg\" style=\"background-image: url(https:\/\/www.amcgranada.com\/wp-content\/uploads\/2023\/02\/amc_granada_puerta_de_entrada.jpg);\"> &nbsp; <\/div><\/div><div class=\"container\">\n\t\t\t\t\t\t<div class=\"content\"><h2>AU C\u0152UR DU CENTRE-VILLE<\/h2><\/div>\n\t\t\t\t\t\t\t\t<\/div><!--\/container--><a href=\"#\" class=\"slider-down-arrow\"><i class=\"icon-salient-down-arrow icon-default-style\"> <span class=\"ie-fix\"><\/span> <\/i><\/a><div class=\"video-texture \"> <span class=\"ie-fix\"><\/span> <\/div><\/div> <!--\/swiper-slide--><\/div><div class=\"nectar-slider-loading \"> <span class=\"loading-icon none\">   <\/span> <\/div> <\/div> \n\t\t\t\t\t\n\t\t\t\t\t<\/div><\/div>[\/vc_column][\/vc_row][vc_row type=&#8221;full_width_background&#8221; full_screen_row_position=&#8221;middle&#8221; column_margin=&#8221;70px&#8221; equal_height=&#8221;yes&#8221; content_placement=&#8221;middle&#8221; column_direction=&#8221;default&#8221; column_direction_tablet=&#8221;default&#8221; column_direction_phone=&#8221;default&#8221; bg_color=&#8221;rgba(247,105,0,0.06)&#8221; bg_image=&#8221;26326&#8243; bg_position=&#8221;left top&#8221; bg_repeat=&#8221;no-repeat&#8221; scene_position=&#8221;center&#8221; top_padding=&#8221;3%&#8221; bottom_padding=&#8221;3%&#8221; top_padding_phone=&#8221;20%&#8221; bottom_padding_phone=&#8221;20%&#8221; text_color=&#8221;dark&#8221; text_align=&#8221;center&#8221; row_border_radius=&#8221;none&#8221; row_border_radius_applies=&#8221;bg&#8221; color_overlay=&#8221;#ffffff&#8221; color_overlay_2=&#8221;#ffffff&#8221; overlay_strength=&#8221;0.5&#8243; gradient_direction=&#8221;left_to_right&#8221; shape_divider_position=&#8221;bottom&#8221; shape_divider_height=&#8221;350&#8243; bg_image_animation=&#8221;fade-in&#8221; parallax_bg=&#8221;true&#8221; parallax_bg_speed=&#8221;fast&#8221; shape_type=&#8221;mountains&#8221;][vc_column column_padding=&#8221;no-extra-padding&#8221; column_padding_tablet=&#8221;inherit&#8221; column_padding_phone=&#8221;inherit&#8221; column_padding_position=&#8221;all&#8221; background_color_opacity=&#8221;1&#8243; background_hover_color_opacity=&#8221;1&#8243; font_color=&#8221;#44443c&#8221; column_shadow=&#8221;none&#8221; column_border_radius=&#8221;none&#8221; column_link_target=&#8221;_self&#8221; gradient_direction=&#8221;left_to_right&#8221; overlay_strength=&#8221;0.3&#8243; width=&#8221;1\/1&#8243; tablet_width_inherit=&#8221;default&#8221; tablet_text_alignment=&#8221;default&#8221; phone_text_alignment=&#8221;default&#8221; column_border_width=&#8221;none&#8221; column_border_style=&#8221;solid&#8221; bg_image_animation=&#8221;none&#8221;][vc_column_text]\n<h2>DANS LE CENTRE DE GRANADA<\/h2>\n[\/vc_column_text][vc_row_inner column_margin=&#8221;default&#8221; column_direction=&#8221;default&#8221; column_direction_tablet=&#8221;default&#8221; column_direction_phone=&#8221;default&#8221; text_align=&#8221;left&#8221;][vc_column_inner column_padding=&#8221;no-extra-padding&#8221; column_padding_tablet=&#8221;inherit&#8221; column_padding_phone=&#8221;inherit&#8221; column_padding_position=&#8221;all&#8221; background_color_opacity=&#8221;1&#8243; background_hover_color_opacity=&#8221;1&#8243; column_shadow=&#8221;none&#8221; column_border_radius=&#8221;none&#8221; column_link_target=&#8221;_self&#8221; gradient_direction=&#8221;left_to_right&#8221; overlay_strength=&#8221;0.3&#8243; width=&#8221;1\/1&#8243; tablet_width_inherit=&#8221;default&#8221; column_border_width=&#8221;none&#8221; column_border_style=&#8221;solid&#8221; bg_image_animation=&#8221;none&#8221;][vc_column_text]\n<p style=\"text-align: left;\">Strat\u00e9giquement situ\u00e9 dans le centre de la ville, il vous permet de visiter tous les monuments et les quartiers historiques de Grenade en 5 minutes de marche.<\/p>\n[\/vc_column_text][\/vc_column_inner][\/vc_row_inner][vc_row_inner column_margin=&#8221;default&#8221; column_direction=&#8221;default&#8221; column_direction_tablet=&#8221;default&#8221; column_direction_phone=&#8221;default&#8221; text_align=&#8221;left&#8221;][vc_column_inner column_padding=&#8221;no-extra-padding&#8221; column_padding_tablet=&#8221;inherit&#8221; column_padding_phone=&#8221;inherit&#8221; column_padding_position=&#8221;all&#8221; background_color_opacity=&#8221;1&#8243; background_hover_color_opacity=&#8221;1&#8243; column_shadow=&#8221;none&#8221; column_border_radius=&#8221;none&#8221; column_link_target=&#8221;_self&#8221; gradient_direction=&#8221;left_to_right&#8221; overlay_strength=&#8221;0.3&#8243; width=&#8221;1\/1&#8243; tablet_width_inherit=&#8221;default&#8221; column_border_width=&#8221;none&#8221; column_border_style=&#8221;solid&#8221; bg_image_animation=&#8221;none&#8221;][vc_raw_html]JTNDaWZyYW1lJTIwc3JjJTNEJTIyaHR0cHMlM0ElMkYlMkZ3d3cuZ29vZ2xlLmNvbSUyRm1hcHMlMkZlbWJlZCUzRnBiJTNEJTIxMW0xOCUyMTFtMTIlMjExbTMlMjExZDMxNzguOTkxNTU4NjI4NTE0JTIxMmQtMy41OTc4OTIyODQ2OTk0NTMlMjEzZDM3LjE3NjY3MTU3OTg3MjgyNCUyMTJtMyUyMTFmMCUyMTJmMCUyMTNmMCUyMTNtMiUyMTFpMTAyNCUyMTJpNzY4JTIxNGYxMy4xJTIxM20zJTIxMW0yJTIxMXMweGQ3MWZjYjhjNTMzNzZiYiUyNTNBMHg5NmUzODg2NjQxY2FhODRhJTIxMnNBTUMlMjUyMEdSQU5BREElMjUyMC0lMjUyMFdFQiUyNTIwT0ZJQ0lBTCUyMTVlMCUyMTNtMiUyMTFzZXMlMjEyc2VzJTIxNHYxNjc3MDc2OTcwNDE1JTIxNW0yJTIxMXNlcyUyMTJzZXMlMjIlMjB3aWR0aCUzRCUyMjE5MDAlMjIlMjBoZWlnaHQlM0QlMjI1MDAlMjIlMjBzdHlsZSUzRCUyMmJvcmRlciUzQTAlM0IlMjIlMjBhbGxvd2Z1bGxzY3JlZW4lM0QlMjIlMjIlMjBsb2FkaW5nJTNEJTIybGF6eSUyMiUyMHJlZmVycmVycG9saWN5JTNEJTIybm8tcmVmZXJyZXItd2hlbi1kb3duZ3JhZGUlMjIlM0UlM0MlMkZpZnJhbWUlM0U=[\/vc_raw_html][\/vc_column_inner][\/vc_row_inner][vc_row_inner column_margin=&#8221;default&#8221; column_direction=&#8221;default&#8221; column_direction_tablet=&#8221;default&#8221; column_direction_phone=&#8221;default&#8221; text_align=&#8221;left&#8221;][vc_column_inner column_padding=&#8221;no-extra-padding&#8221; column_padding_tablet=&#8221;inherit&#8221; column_padding_phone=&#8221;inherit&#8221; column_padding_position=&#8221;all&#8221; background_color_opacity=&#8221;1&#8243; background_hover_color_opacity=&#8221;1&#8243; column_shadow=&#8221;none&#8221; column_border_radius=&#8221;none&#8221; column_link_target=&#8221;_self&#8221; gradient_direction=&#8221;left_to_right&#8221; overlay_strength=&#8221;0.3&#8243; width=&#8221;1\/1&#8243; tablet_width_inherit=&#8221;default&#8221; column_border_width=&#8221;none&#8221; column_border_style=&#8221;solid&#8221; bg_image_animation=&#8221;none&#8221;][vc_column_text]\n<h2 style=\"text-align: center;\">COMMENT SE RENDRE \u00c0 L&#8217;AUBERGE AMC GRANADA<\/h2>\n[\/vc_column_text][\/vc_column_inner][\/vc_row_inner][vc_row_inner column_margin=&#8221;default&#8221; column_direction=&#8221;default&#8221; column_direction_tablet=&#8221;default&#8221; column_direction_phone=&#8221;default&#8221; text_align=&#8221;left&#8221;][vc_column_inner column_padding=&#8221;no-extra-padding&#8221; column_padding_tablet=&#8221;inherit&#8221; column_padding_phone=&#8221;inherit&#8221; column_padding_position=&#8221;all&#8221; background_color_opacity=&#8221;1&#8243; background_hover_color_opacity=&#8221;1&#8243; column_shadow=&#8221;none&#8221; column_border_radius=&#8221;none&#8221; column_link_target=&#8221;_self&#8221; gradient_direction=&#8221;left_to_right&#8221; overlay_strength=&#8221;0.3&#8243; width=&#8221;1\/3&#8243; tablet_width_inherit=&#8221;default&#8221; column_border_width=&#8221;none&#8221; column_border_style=&#8221;solid&#8221; bg_image_animation=&#8221;none&#8221;][nectar_icon icon_family=&#8221;fontawesome&#8221; icon_style=&#8221;default&#8221; icon_color_type=&#8221;custom&#8221; icon_color_custom=&#8221;#f76900&#8243; icon_padding=&#8221;0px&#8221; icon_fontawesome=&#8221;fa fa-car&#8221; icon_size=&#8221;35&#8243;][vc_column_text]\n<h5 style=\"text-align: center;\">EN VOITURE<\/h5>\n[\/vc_column_text][vc_column_text]\n<p style=\"text-align: left;\">(Si vous venez en voiture, il est n\u00e9cessaire de nous fournir avant votre arriv\u00e9e le num\u00e9ro d&#8217;immatriculation du v\u00e9hicule ainsi que le num\u00e9ro de la carte d&#8217;identit\u00e9\/du passeport\/de la carte d&#8217;identit\u00e9 de la personne effectuant la r\u00e9servation).<br \/>\nNous avons le plaisir de vous informer qu&#8217;un parking est disponible moyennant un suppl\u00e9ment de 23 euros\/nuit et qu&#8217;une r\u00e9servation pr\u00e9alable est n\u00e9cessaire. Le parking est situ\u00e9 \u00e0 l&#8217;h\u00f4tel Monjas del Carmen, \u00e0 moins d&#8217;une minute de marche de l&#8217;AMC Granada.<\/p>\n[\/vc_column_text][nectar_cta btn_style=&#8221;arrow-animation&#8221; heading_tag=&#8221;h6&#8243; text_color=&#8221;#f76900&#8243; button_color=&#8221;default&#8221; link_type=&#8221;new_tab&#8221; alignment=&#8221;left&#8221; display=&#8221;block&#8221; link_text=&#8221;Plan d&#8217;acc\u00e8s&#8221; url=&#8221;https:\/\/www.amcgranada.com\/wp-content\/uploads\/2023\/02\/Accesos-SALIDA-GR-13-RECOGIDAS-1.pdf&#8221;][\/vc_column_inner][vc_column_inner column_padding=&#8221;no-extra-padding&#8221; column_padding_tablet=&#8221;inherit&#8221; column_padding_phone=&#8221;inherit&#8221; column_padding_position=&#8221;all&#8221; background_color_opacity=&#8221;1&#8243; background_hover_color_opacity=&#8221;1&#8243; column_shadow=&#8221;none&#8221; column_border_radius=&#8221;none&#8221; column_link_target=&#8221;_self&#8221; gradient_direction=&#8221;left_to_right&#8221; overlay_strength=&#8221;0.3&#8243; width=&#8221;1\/3&#8243; tablet_width_inherit=&#8221;default&#8221; column_border_width=&#8221;none&#8221; column_border_style=&#8221;solid&#8221; bg_image_animation=&#8221;none&#8221;][nectar_icon icon_family=&#8221;fontawesome&#8221; icon_style=&#8221;default&#8221; icon_color_type=&#8221;custom&#8221; icon_color_custom=&#8221;#f76900&#8243; icon_padding=&#8221;0px&#8221; icon_fontawesome=&#8221;fa fa-plane&#8221; icon_size=&#8221;35&#8243;][vc_column_text]\n<h5 style=\"text-align: center;\">PAR AVION<\/h5>\n[\/vc_column_text][vc_column_text]\n<p style=\"text-align: left;\">Pour vous rendre \u00e0 l&#8217;AMC Granada depuis l&#8217;a\u00e9roport, vous pouvez prendre le bus de l&#8217;a\u00e9roport jusqu&#8217;au centre ville de Granada.<br \/>\nLien vers toutes les informations n\u00e9cessaires sur les bus.<br \/>\nVous pouvez \u00e9galement r\u00e9server un service de taxi en \u00e9crivant \u00e0 l&#8217;adresse suivante <span style=\"color: #f76900;\">granada@amchoteles.com\u00a0<\/span><br \/>\nLe prix de la course est de 25 \u20ac (TVA comprise) les jours ouvrables et de 30 \u20ac (TVA comprise) les week-ends, jours f\u00e9ri\u00e9s, pr\u00e9-vacances et soir\u00e9es. Paiement directement au taxi.<\/p>\n[\/vc_column_text][nectar_cta btn_style=&#8221;arrow-animation&#8221; heading_tag=&#8221;h6&#8243; text_color=&#8221;#f76900&#8243; button_color=&#8221;default&#8221; link_type=&#8221;new_tab&#8221; alignment=&#8221;left&#8221; display=&#8221;block&#8221; link_text=&#8221;Informations sur les bus&#8221; url=&#8221;https:\/\/www.alsa.es\/&#8221;][\/vc_column_inner][vc_column_inner column_padding=&#8221;no-extra-padding&#8221; column_padding_tablet=&#8221;inherit&#8221; column_padding_phone=&#8221;inherit&#8221; column_padding_position=&#8221;all&#8221; background_color_opacity=&#8221;1&#8243; background_hover_color_opacity=&#8221;1&#8243; column_shadow=&#8221;none&#8221; column_border_radius=&#8221;none&#8221; column_link_target=&#8221;_self&#8221; gradient_direction=&#8221;left_to_right&#8221; overlay_strength=&#8221;0.3&#8243; width=&#8221;1\/3&#8243; tablet_width_inherit=&#8221;default&#8221; column_border_width=&#8221;none&#8221; column_border_style=&#8221;solid&#8221; bg_image_animation=&#8221;none&#8221;][nectar_icon icon_family=&#8221;fontawesome&#8221; icon_style=&#8221;default&#8221; icon_color_type=&#8221;custom&#8221; icon_color_custom=&#8221;#f76900&#8243; icon_padding=&#8221;0px&#8221; icon_fontawesome=&#8221;fa fa-train&#8221; icon_size=&#8221;35&#8243;][vc_column_text]\n<h5 style=\"text-align: center;\">EN TRAIN<\/h5>\n[\/vc_column_text][vc_column_text]\n<p style=\"text-align: left;\">Nous vous recommandons de prendre un taxi depuis la gare ou de vous rendre \u00e0 l&#8217;arr\u00eat de bus le plus proche, de descendre \u00e0 l&#8217;arr\u00eat &#8220;Catedral&#8221; et de marcher environ 200 m\u00e8tres jusqu&#8217;\u00e0 l&#8217;AMC Granada.<br \/>\nPour plus d&#8217;informations, vous pouvez contacter l&#8217;AMC Granada ou visiter le site web de Movilidad Granada.<\/p>\n[\/vc_column_text][nectar_cta btn_style=&#8221;arrow-animation&#8221; heading_tag=&#8221;h6&#8243; text_color=&#8221;#f76900&#8243; button_color=&#8221;default&#8221; link_type=&#8221;new_tab&#8221; alignment=&#8221;left&#8221; display=&#8221;block&#8221; link_text=&#8221;Mobilit\u00e9 web Grenade&#8221; url=&#8221;http:\/\/www.movilidadgranada.com\/nuevared.php&#8221;][\/vc_column_inner][\/vc_row_inner][\/vc_column][\/vc_row]\n","protected":false},"excerpt":{"rendered":"<p>[vc_row type=&#8221;in_container&#8221; full_screen_row_position=&#8221;middle&#8221; column_margin=&#8221;default&#8221; column_direction=&#8221;default&#8221; column_direction_tablet=&#8221;default&#8221; column_direction_phone=&#8221;default&#8221; bg_color=&#8221;#d6d6d6&#8243; scene_position=&#8221;center&#8221; text_color=&#8221;light&#8221; text_align=&#8221;center&#8221; row_border_radius=&#8221;none&#8221; row_border_radius_applies=&#8221;bg&#8221; color_overlay=&#8221;rgba(10,10,10,0.7)&#8221; overlay_strength=&#8221;0.95&#8243; gradient_direction=&#8221;left_to_right&#8221; shape_divider_position=&#8221;bottom&#8221; bg_image_animation=&#8221;none&#8221; shape_type=&#8221;&#8221;][vc_column column_padding=&#8221;no-extra-padding&#8221; column_padding_tablet=&#8221;inherit&#8221; column_padding_phone=&#8221;inherit&#8221; column_padding_position=&#8221;all&#8221; centered_text=&#8221;true&#8221; background_color_opacity=&#8221;1&#8243; background_hover_color_opacity=&#8221;1&#8243; column_shadow=&#8221;none&#8221; column_border_radius=&#8221;none&#8221; column_link_target=&#8221;_self&#8221; gradient_direction=&#8221;left_to_right&#8221;&#8230;<\/p>\n","protected":false},"author":3,"featured_media":0,"parent":0,"menu_order":0,"comment_status":"closed","ping_status":"closed","template":"","meta":{"footnotes":""},"class_list":["post-26462","page","type-page","status-publish"],"yoast_head":"<!-- This site is optimized with the Yoast SEO plugin v23.5 - https:\/\/yoast.com\/wordpress\/plugins\/seo\/ -->\n<title>Emplacement AMC Granada\u00ae \u00e0 Grenade, Espagne<\/title>\n<meta name=\"description\" content=\"Situation de l&#039;h\u00f4tel \u2705 AMC Granada \u2705 \u00e0 Grenade, Espagne. En plein centre historique de Grenade. R\u00e9ductions exclusives sur le site officiel au meilleur prix garanti.\" \/>\n<meta name=\"robots\" content=\"index, follow, max-snippet:-1, max-image-preview:large, max-video-preview:-1\" \/>\n<link rel=\"canonical\" href=\"https:\/\/www.amcgranada.com\/fr\/emplacement\/\" \/>\n<meta property=\"og:locale\" content=\"fr_FR\" \/>\n<meta property=\"og:type\" content=\"article\" \/>\n<meta property=\"og:title\" content=\"Emplacement AMC Granada\u00ae \u00e0 Grenade, Espagne\" \/>\n<meta property=\"og:description\" content=\"Situation de l&#039;h\u00f4tel \u2705 AMC Granada \u2705 \u00e0 Grenade, Espagne. En plein centre historique de Grenade. R\u00e9ductions exclusives sur le site officiel au meilleur prix garanti.\" \/>\n<meta property=\"og:url\" content=\"https:\/\/www.amcgranada.com\/fr\/emplacement\/\" \/>\n<meta property=\"og:site_name\" content=\"AMC GRANADA\" \/>\n<meta property=\"article:modified_time\" content=\"2023-03-13T14:31:45+00:00\" \/>\n<meta name=\"twitter:card\" content=\"summary_large_image\" \/>\n<meta name=\"twitter:label1\" content=\"Est. reading time\" \/>\n\t<meta name=\"twitter:data1\" content=\"3 minutes\" \/>\n<script type=\"application\/ld+json\" class=\"yoast-schema-graph\">{\"@context\":\"https:\/\/schema.org\",\"@graph\":[{\"@type\":\"WebPage\",\"@id\":\"https:\/\/www.amcgranada.com\/fr\/emplacement\/\",\"url\":\"https:\/\/www.amcgranada.com\/fr\/emplacement\/\",\"name\":\"Emplacement AMC Granada\u00ae \u00e0 Grenade, Espagne\",\"isPartOf\":{\"@id\":\"https:\/\/www.amcgranada.com\/#website\"},\"datePublished\":\"2021-10-15T08:47:41+00:00\",\"dateModified\":\"2023-03-13T14:31:45+00:00\",\"description\":\"Situation de l'h\u00f4tel \u2705 AMC Granada \u2705 \u00e0 Grenade, Espagne. En plein centre historique de Grenade. R\u00e9ductions exclusives sur le site officiel au meilleur prix garanti.\",\"breadcrumb\":{\"@id\":\"https:\/\/www.amcgranada.com\/fr\/emplacement\/#breadcrumb\"},\"inLanguage\":\"fr-FR\",\"potentialAction\":[{\"@type\":\"ReadAction\",\"target\":[\"https:\/\/www.amcgranada.com\/fr\/emplacement\/\"]}]},{\"@type\":\"BreadcrumbList\",\"@id\":\"https:\/\/www.amcgranada.com\/fr\/emplacement\/#breadcrumb\",\"itemListElement\":[{\"@type\":\"ListItem\",\"position\":1,\"name\":\"Home\",\"item\":\"https:\/\/www.amcgranada.com\/fr\/\"},{\"@type\":\"ListItem\",\"position\":2,\"name\":\"Emplacement\"}]},{\"@type\":\"WebSite\",\"@id\":\"https:\/\/www.amcgranada.com\/#website\",\"url\":\"https:\/\/www.amcgranada.com\/\",\"name\":\"AMC GRANADA\",\"description\":\"AMC GRANADA\",\"potentialAction\":[{\"@type\":\"SearchAction\",\"target\":{\"@type\":\"EntryPoint\",\"urlTemplate\":\"https:\/\/www.amcgranada.com\/?s={search_term_string}\"},\"query-input\":{\"@type\":\"PropertyValueSpecification\",\"valueRequired\":true,\"valueName\":\"search_term_string\"}}],\"inLanguage\":\"fr-FR\"}]}<\/script>\n<!-- \/ Yoast SEO plugin. -->","yoast_head_json":{"title":"Emplacement AMC Granada\u00ae \u00e0 Grenade, Espagne","description":"Situation de l'h\u00f4tel \u2705 AMC Granada \u2705 \u00e0 Grenade, Espagne. En plein centre historique de Grenade. R\u00e9ductions exclusives sur le site officiel au meilleur prix garanti.","robots":{"index":"index","follow":"follow","max-snippet":"max-snippet:-1","max-image-preview":"max-image-preview:large","max-video-preview":"max-video-preview:-1"},"canonical":"https:\/\/www.amcgranada.com\/fr\/emplacement\/","og_locale":"fr_FR","og_type":"article","og_title":"Emplacement AMC Granada\u00ae \u00e0 Grenade, Espagne","og_description":"Situation de l'h\u00f4tel \u2705 AMC Granada \u2705 \u00e0 Grenade, Espagne. En plein centre historique de Grenade. R\u00e9ductions exclusives sur le site officiel au meilleur prix garanti.","og_url":"https:\/\/www.amcgranada.com\/fr\/emplacement\/","og_site_name":"AMC GRANADA","article_modified_time":"2023-03-13T14:31:45+00:00","twitter_card":"summary_large_image","twitter_misc":{"Est. reading time":"3 minutes"},"schema":{"@context":"https:\/\/schema.org","@graph":[{"@type":"WebPage","@id":"https:\/\/www.amcgranada.com\/fr\/emplacement\/","url":"https:\/\/www.amcgranada.com\/fr\/emplacement\/","name":"Emplacement AMC Granada\u00ae \u00e0 Grenade, Espagne","isPartOf":{"@id":"https:\/\/www.amcgranada.com\/#website"},"datePublished":"2021-10-15T08:47:41+00:00","dateModified":"2023-03-13T14:31:45+00:00","description":"Situation de l'h\u00f4tel \u2705 AMC Granada \u2705 \u00e0 Grenade, Espagne. En plein centre historique de Grenade. R\u00e9ductions exclusives sur le site officiel au meilleur prix garanti.","breadcrumb":{"@id":"https:\/\/www.amcgranada.com\/fr\/emplacement\/#breadcrumb"},"inLanguage":"fr-FR","potentialAction":[{"@type":"ReadAction","target":["https:\/\/www.amcgranada.com\/fr\/emplacement\/"]}]},{"@type":"BreadcrumbList","@id":"https:\/\/www.amcgranada.com\/fr\/emplacement\/#breadcrumb","itemListElement":[{"@type":"ListItem","position":1,"name":"Home","item":"https:\/\/www.amcgranada.com\/fr\/"},{"@type":"ListItem","position":2,"name":"Emplacement"}]},{"@type":"WebSite","@id":"https:\/\/www.amcgranada.com\/#website","url":"https:\/\/www.amcgranada.com\/","name":"AMC GRANADA","description":"AMC GRANADA","potentialAction":[{"@type":"SearchAction","target":{"@type":"EntryPoint","urlTemplate":"https:\/\/www.amcgranada.com\/?s={search_term_string}"},"query-input":{"@type":"PropertyValueSpecification","valueRequired":true,"valueName":"search_term_string"}}],"inLanguage":"fr-FR"}]}},"_links":{"self":[{"href":"https:\/\/www.amcgranada.com\/fr\/wp-json\/wp\/v2\/pages\/26462"}],"collection":[{"href":"https:\/\/www.amcgranada.com\/fr\/wp-json\/wp\/v2\/pages"}],"about":[{"href":"https:\/\/www.amcgranada.com\/fr\/wp-json\/wp\/v2\/types\/page"}],"author":[{"embeddable":true,"href":"https:\/\/www.amcgranada.com\/fr\/wp-json\/wp\/v2\/users\/3"}],"replies":[{"embeddable":true,"href":"https:\/\/www.amcgranada.com\/fr\/wp-json\/wp\/v2\/comments?post=26462"}],"version-history":[{"count":4,"href":"https:\/\/www.amcgranada.com\/fr\/wp-json\/wp\/v2\/pages\/26462\/revisions"}],"predecessor-version":[{"id":26472,"href":"https:\/\/www.amcgranada.com\/fr\/wp-json\/wp\/v2\/pages\/26462\/revisions\/26472"}],"wp:attachment":[{"href":"https:\/\/www.amcgranada.com\/fr\/wp-json\/wp\/v2\/media?parent=26462"}],"curies":[{"name":"wp","href":"https:\/\/api.w.org\/{rel}","templated":true}]}}